{"id":9,"date":"2024-09-18T18:26:56","date_gmt":"2024-09-18T16:26:56","guid":{"rendered":"http:\/\/progresivni-cesko.cz\/?page_id=9"},"modified":"2024-10-08T11:23:13","modified_gmt":"2024-10-08T09:23:13","slug":"kontakt","status":"publish","type":"page","link":"https:\/\/progresivni-cesko.cz\/?page_id=9","title":{"rendered":"Newsletter"},"content":{"rendered":"\n<div class=\"wp-block-uagb-container uagb-block-01731c79 alignfull uagb-is-root-container\"><div class=\"uagb-container-inner-blocks-wrap\">\n<p>Chcete n\u00e1m n\u011bco vzk\u00e1zat? Pi\u0161te na e-mail <a href=\"mailto:info@progresivni-cesko.cz\">info@progresivni-cesko.cz<\/a>.<\/p>\n<\/div><\/div>\n\n\n\n<div class=\"wp-block-uagb-container uagb-block-d9f9e0d9 alignfull uagb-is-root-container\"><div class=\"uagb-container-inner-blocks-wrap\">  \n  \n  <div class=\"\n    mailpoet_form_popup_overlay\n      \"><\/div>\n  <div\n    id=\"mailpoet_form_3\"\n    class=\"\n      mailpoet_form\n      mailpoet_form_html\n      mailpoet_form_position_\n      mailpoet_form_animation_\n    \"\n      >\n\n    <style type=\"text\/css\">\n     #mailpoet_form_3 .mailpoet_form {  }\n#mailpoet_form_3 form { margin-bottom: 0; }\n#mailpoet_form_3 p.mailpoet_form_paragraph.last { margin-bottom: 0px; }\n#mailpoet_form_3 h2.mailpoet-heading { margin: -10px 0 10px 0; }\n#mailpoet_form_3 .mailpoet_column_with_background { padding: 10px; }\n#mailpoet_form_3 .mailpoet_form_column:not(:first-child) { margin-left: 20px; }\n#mailpoet_form_3 .mailpoet_paragraph { line-height: 20px; margin-bottom: 20px; }\n#mailpoet_form_3 .mailpoet_segment_label, #mailpoet_form_3 .mailpoet_text_label, #mailpoet_form_3 .mailpoet_textarea_label, #mailpoet_form_3 .mailpoet_select_label, #mailpoet_form_3 .mailpoet_radio_label, #mailpoet_form_3 .mailpoet_checkbox_label, #mailpoet_form_3 .mailpoet_list_label, #mailpoet_form_3 .mailpoet_date_label { display: block; font-weight: normal; }\n#mailpoet_form_3 .mailpoet_text, #mailpoet_form_3 .mailpoet_textarea, #mailpoet_form_3 .mailpoet_select, #mailpoet_form_3 .mailpoet_date_month, #mailpoet_form_3 .mailpoet_date_day, #mailpoet_form_3 .mailpoet_date_year, #mailpoet_form_3 .mailpoet_date { display: block; }\n#mailpoet_form_3 .mailpoet_text, #mailpoet_form_3 .mailpoet_textarea { width: 200px; }\n#mailpoet_form_3 .mailpoet_checkbox {  }\n#mailpoet_form_3 .mailpoet_submit {  }\n#mailpoet_form_3 .mailpoet_divider {  }\n#mailpoet_form_3 .mailpoet_message {  }\n#mailpoet_form_3 .mailpoet_form_loading { width: 30px; text-align: center; line-height: normal; }\n#mailpoet_form_3 .mailpoet_form_loading > span { width: 5px; height: 5px; background-color: #5b5b5b; }#mailpoet_form_3{border: 2px solid #000000;border-radius: 0px;background: #ffffff;text-align: left;}#mailpoet_form_3 form.mailpoet_form {padding: 40px;}#mailpoet_form_3{width: 100%;}#mailpoet_form_3 .mailpoet_message {margin: 0; padding: 0 20px;}\n        #mailpoet_form_3 .mailpoet_validate_success {color: #0d8100}\n        #mailpoet_form_3 input.parsley-success {color: #0d8100}\n        #mailpoet_form_3 select.parsley-success {color: #0d8100}\n        #mailpoet_form_3 textarea.parsley-success {color: #0d8100}\n      \n        #mailpoet_form_3 .mailpoet_validate_error {color: #dc0000}\n        #mailpoet_form_3 input.parsley-error {color: #dc0000}\n        #mailpoet_form_3 select.parsley-error {color: #dc0000}\n        #mailpoet_form_3 textarea.textarea.parsley-error {color: #dc0000}\n        #mailpoet_form_3 .parsley-errors-list {color: #dc0000}\n        #mailpoet_form_3 .parsley-required {color: #dc0000}\n        #mailpoet_form_3 .parsley-custom-error-message {color: #dc0000}\n      #mailpoet_form_3 .mailpoet_paragraph.last {margin-bottom: 0} @media (max-width: 500px) {#mailpoet_form_3 {background: #ffffff;}} @media (min-width: 500px) {#mailpoet_form_3 .last .mailpoet_paragraph:last-child {margin-bottom: 0}}  @media (max-width: 500px) {#mailpoet_form_3 .mailpoet_form_column:last-child .mailpoet_paragraph:last-child {margin-bottom: 0}} \n    <\/style>\n\n    <form\n      target=\"_self\"\n      method=\"post\"\n      action=\"https:\/\/progresivni-cesko.cz\/wp-admin\/admin-post.php?action=mailpoet_subscription_form\"\n      class=\"mailpoet_form mailpoet_form_form mailpoet_form_html\"\n      novalidate\n      data-delay=\"\"\n      data-exit-intent-enabled=\"\"\n      data-font-family=\"\"\n      data-cookie-expiration-time=\"\"\n    >\n      <input type=\"hidden\" name=\"data[form_id]\" value=\"3\" \/>\n      <input type=\"hidden\" name=\"token\" value=\"8849cd63d6\" \/>\n      <input type=\"hidden\" name=\"api_version\" value=\"v1\" \/>\n      <input type=\"hidden\" name=\"endpoint\" value=\"subscribers\" \/>\n      <input type=\"hidden\" name=\"mailpoet_method\" value=\"subscribe\" \/>\n\n      <label class=\"mailpoet_hp_email_label\" style=\"display: none !important;\">Nechte toto pole pr\u00e1zdn\u00e9 pros\u00edm<input type=\"email\" name=\"data[email]\"\/><\/label><h2 class=\"mailpoet-heading  mailpoet-has-font-size\" style=\"text-align: center; color: #000000; font-size: 32px; line-height: 1\"><strong><span style=\"font-family: Arial\" data-font=\"Arial\" class=\"mailpoet-has-font\">ODEB\u00cdREJ N\u00c1\u0160 NEWSLETTER!<\/span><\/strong><\/h2>\n<div class=\"mailpoet_paragraph \"><style>input[name=\"data[form_field_ODJiMzBhZDExMDNlX2ZpcnN0X25hbWU=]\"]::placeholder{color:#5b8ba7;opacity: 1;}<\/style><input type=\"text\" autocomplete=\"given-name\" class=\"mailpoet_text\" id=\"form_first_name_3\" name=\"data[form_field_ODJiMzBhZDExMDNlX2ZpcnN0X25hbWU=]\" title=\"Jak se jmenuje\u0161?\" value=\"\" style=\"width:100%;box-sizing:border-box;background-color:#ffffff;border-style:solid;border-radius:4px !important;border-width:1px;border-color:#313131;padding:12px;margin: 0 auto 0 0;font-family:&#039;Ubuntu&#039;;font-size:20px;line-height:1.5;height:auto;color:#5b8ba7;\" data-automation-id=\"form_first_name\"  placeholder=\"Jak se jmenuje\u0161?\" aria-label=\"Jak se jmenuje\u0161?\" data-parsley-errors-container=\".mailpoet_error_edj9i\" data-parsley-names='[&quot;Zadejte platn\u00fd n\u00e1zev.&quot;,&quot;Adresy ve jm\u00e9nech nejsou povoleny, p\u0159idejte m\u00edsto toho sv\u00e9 jm\u00e9no.&quot;]'\/><span class=\"mailpoet_error_edj9i\"><\/span><\/div>\n<div class=\"mailpoet_paragraph \"><style>input[name=\"data[form_field_MTMxNjQ1NDE2NTU2X2xhc3RfbmFtZQ==]\"]::placeholder{color:#5b8ba7;opacity: 1;}<\/style><input type=\"text\" autocomplete=\"family-name\" class=\"mailpoet_text\" id=\"form_last_name_3\" name=\"data[form_field_MTMxNjQ1NDE2NTU2X2xhc3RfbmFtZQ==]\" title=\"A tvoje p\u0159\u00edjmen\u00ed?\" value=\"\" style=\"width:100%;box-sizing:border-box;background-color:#ffffff;border-style:solid;border-radius:4px !important;border-width:1px;border-color:#313131;padding:12px;margin: 0 auto 0 0;font-family:&#039;Ubuntu&#039;;font-size:20px;line-height:1.5;height:auto;color:#5b8ba7;\" data-automation-id=\"form_last_name\"  placeholder=\"A tvoje p\u0159\u00edjmen\u00ed?\" aria-label=\"A tvoje p\u0159\u00edjmen\u00ed?\" data-parsley-errors-container=\".mailpoet_error_ac1tx\" data-parsley-names='[&quot;Zadejte platn\u00fd n\u00e1zev.&quot;,&quot;Adresy ve jm\u00e9nech nejsou povoleny, p\u0159idejte m\u00edsto toho sv\u00e9 jm\u00e9no.&quot;]'\/><span class=\"mailpoet_error_ac1tx\"><\/span><\/div>\n<div class=\"mailpoet_paragraph \"><style>input[name=\"data[form_field_NzAzNGFlN2Q3YjE0X2VtYWls]\"]::placeholder{color:#5b8ba7;opacity: 1;}<\/style><input type=\"email\" autocomplete=\"email\" class=\"mailpoet_text\" id=\"form_email_3\" name=\"data[form_field_NzAzNGFlN2Q3YjE0X2VtYWls]\" title=\"E-mailov\u00e1 adresa\" value=\"\" style=\"width:100%;box-sizing:border-box;background-color:#ffffff;border-style:solid;border-radius:4px !important;border-width:1px;border-color:#313131;padding:12px;margin: 0 auto 0 0;font-family:&#039;Ubuntu&#039;;font-size:20px;line-height:1.5;height:auto;color:#5b8ba7;\" data-automation-id=\"form_email\"  placeholder=\"E-mailov\u00e1 adresa *\" aria-label=\"E-mailov\u00e1 adresa *\" data-parsley-errors-container=\".mailpoet_error_f8yck\" data-parsley-required=\"true\" required aria-required=\"true\" data-parsley-minlength=\"6\" data-parsley-maxlength=\"150\" data-parsley-type-message=\"Tato hodnota by m\u011bla obsahovat platnou e-mailovou adresu.\" data-parsley-required-message=\"Toto pole je vy\u017eadov\u00e1no.\"\/><span class=\"mailpoet_error_f8yck\"><\/span><\/div>\n<div class=\"mailpoet_paragraph \"><fieldset><input type=\"hidden\" value=\"0\"  name=\"data[cf_4]\" \/><label class=\"mailpoet_checkbox_label\" for=\"mailpoet_checkbox_1\" style=\"font-size: 20px;line-height: 1.2;\"><input type=\"checkbox\" class=\"mailpoet_checkbox\" id=\"mailpoet_checkbox_1\" name=\"data[cf_4]\" value=\"1\" checked=\"checked\"data-parsley-errors-container=\".mailpoet_error_11bvt\" data-parsley-group=\"custom_field_4\" \/> Jsi \u010dlenem\/\u010dlenkou n\u011bjak\u00e9 politick\u00e9 strany, hnut\u00ed nebo ob\u010dansk\u00e9ho sdru\u017een\u00ed?<\/label><\/fieldset><span class=\"mailpoet_error_11bvt\"><\/span><\/div>\n<div class=\"mailpoet_paragraph \"><style>textarea[name=\"data[cf_5]\"]::placeholder{color:#5b8ba7;opacity: 1;}<\/style><textarea class=\"mailpoet_textarea\" data-automation-id=\"form_custom_text_area\" rows=\"1\" name=\"data[cf_5]\" placeholder=\"Jm\u00e9no t\u00e9 organizace?\" aria-label=\"Jm\u00e9no t\u00e9 organizace?\" data-parsley-errors-container=\".mailpoet_error_16a42\"style=\"width:100%;box-sizing:border-box;background-color:#ffffff;border-style:solid;border-radius:4px !important;border-width:1px;border-color:#313131;padding:12px;margin: 0 auto 0 0;font-family:&#039;Ubuntu&#039;;font-size:20px;line-height:1.5;height:auto;color:#5b8ba7;\" ><\/textarea><span class=\"mailpoet_error_16a42\"><\/span><\/div>\n<div class='mailpoet_form_columns_container'><div class=\"mailpoet_form_columns mailpoet_paragraph mailpoet_stack_on_mobile\" style=\"padding:0 0 0 0;\"><div class=\"mailpoet_form_column\" style=\"flex-basis:100%;\"><div class=\"mailpoet_paragraph \"><select\n      class=\"mailpoet_select\"\n      name=\"data[cf_1]\" style=\"padding:12px;margin: 0 auto 0 0;\"><option value=\"\" disabled selected hidden>Kde \u017eije\u0161?<\/option><option value=\"Praha\">Praha<\/option><option value=\"St\u0159edo\u010desk\u00fd kraj\">St\u0159edo\u010desk\u00fd kraj<\/option><option value=\"\u00dasteck\u00fd kraj\">\u00dasteck\u00fd kraj<\/option><option value=\"Karlovarsk\u00fd kraj\">Karlovarsk\u00fd kraj<\/option><option value=\"Libereck\u00fd kraj\">Libereck\u00fd kraj<\/option><option value=\"Plze\u0148sk\u00fd kraj\">Plze\u0148sk\u00fd kraj<\/option><option value=\"Jiho\u010desk\u00fd kraj\">Jiho\u010desk\u00fd kraj<\/option><option value=\"Kr\u00e1lov\u00e9hradeck\u00fd kraj\">Kr\u00e1lov\u00e9hradeck\u00fd kraj<\/option><option value=\"Pardubick\u00fd kraj\">Pardubick\u00fd kraj<\/option><option value=\"Jihomoravsk\u00fd kraj\">Jihomoravsk\u00fd kraj<\/option><option value=\"Olomouck\u00fd kraj\">Olomouck\u00fd kraj<\/option><option value=\"Zl\u00ednsk\u00fd kraj\">Zl\u00ednsk\u00fd kraj<\/option><option value=\"Moravskoslezsk\u00fd kraj\">Moravskoslezsk\u00fd kraj<\/option><option value=\"Zahrani\u010d\u00ed\">Zahrani\u010d\u00ed<\/option><option value=\"Vyso\u010dina\">Vyso\u010dina<\/option><\/select><span class=\"mailpoet_error_1r0xd\"><\/span><\/div>\n<\/div>\n<\/div><\/div>\n<p class=\"mailpoet_form_paragraph \" style=\"text-align: left\">Vypln\u011bn\u00edm formul\u00e1\u0159e poskytujete souhlas s na\u0161imi <a href=\"https:\/\/progresivni-cesko.cz\/?page_id=95\" data-type=\"link\" data-id=\"https:\/\/progresivni-cesko.cz\/?page_id=95\">Z\u00e1sadami ochrany osobn\u00edch \u00fadaj\u016f<\/a>.<\/p>\n<div class=\"mailpoet_paragraph \">\t\t<input\n\t\t\t\ttype=\"hidden\"\n\t\t\t\tclass=\"hcaptcha-widget-id\"\n\t\t\t\tname=\"hcaptcha-widget-id\"\n\t\t\t\tvalue=\"eyJzb3VyY2UiOlsibWFpbHBvZXRcL21haWxwb2V0LnBocCJdLCJmb3JtX2lkIjozfQ==-ba1a53e067687e83083adbd133c11157\">\n\t\t\t\t<h-captcha\n\t\t\tclass=\"h-captcha\"\n\t\t\tdata-sitekey=\"a3ccdec4-d3c0-4f70-ad9e-a744fda4da06\"\n\t\t\tdata-theme=\"light\"\n\t\t\tdata-size=\"normal\"\n\t\t\tdata-auto=\"false\"\n\t\t\tdata-ajax=\"false\"\n\t\t\tdata-force=\"false\">\n\t\t<\/h-captcha>\n\t\t<input type=\"hidden\" id=\"hcaptcha_mailpoet_nonce\" name=\"hcaptcha_mailpoet_nonce\" value=\"e2ebd0e0d9\" \/><input type=\"hidden\" name=\"_wp_http_referer\" value=\"\/index.php?rest_route=%2Fwp%2Fv2%2Fpages%2F9\" \/><input type=\"submit\" class=\"mailpoet_submit\" value=\"Informuj m\u011b!\" data-automation-id=\"subscribe-submit-button\" data-font-family='Ubuntu' style=\"width:100%;box-sizing:border-box;background-color:#0d8100;border-style:solid;border-radius:40px !important;border-width:0px;padding:12px;margin: 0 auto 0 0;font-family:&#039;Ubuntu&#039;;font-size:24px;line-height:1.5;height:auto;color:#ffffff;border-color:transparent;font-weight:bold;\" \/><span class=\"mailpoet_form_loading\"><span class=\"mailpoet_bounce1\"><\/span><span class=\"mailpoet_bounce2\"><\/span><span class=\"mailpoet_bounce3\"><\/span><\/span><\/div>\n\n      <div class=\"mailpoet_message\">\n        <p class=\"mailpoet_validate_success\"\n                style=\"display:none;\"\n                >Zkontroluj si svoji doru\u010denou po\u0161tu nebo spam ko\u0161 a potvr\u010f n\u00e1m, pros\u00edm, odb\u011br.\n        <\/p>\n        <p class=\"mailpoet_validate_error\"\n                style=\"display:none;\"\n                >        <\/p>\n      <\/div>\n    <\/form>\n\n      <\/div>\n\n  <\/div><\/div>\n","protected":false},"excerpt":{"rendered":"<p>Chcete n\u00e1m n\u011bco vzk\u00e1zat? Pi\u0161te na e-mail info@progresivni-cesko.cz.<\/p>\n","protected":false},"author":1,"featured_media":0,"parent":0,"menu_order":0,"comment_status":"closed","ping_status":"closed","template":"","meta":{"_uag_custom_page_level_css":"","site-sidebar-layout":"default","site-content-layout":"","ast-site-content-layout":"","site-content-style":"default","site-sidebar-style":"default","ast-global-header-display":"","ast-banner-title-visibility":"","ast-main-header-display":"","ast-hfb-above-header-display":"","ast-hfb-below-header-display":"","ast-hfb-mobile-header-display":"","site-post-title":"","ast-breadcrumbs-content":"","ast-featured-img":"","footer-sml-layout":"","theme-transparent-header-meta":"","adv-header-id-meta":"","stick-header-meta":"","header-above-stick-meta":"","header-main-stick-meta":"","header-below-stick-meta":"","astra-migrate-meta-layouts":"default","ast-page-background-enabled":"default","ast-page-background-meta":{"desktop":{"background-color":"var(--ast-global-color-4)","background-image":"","background-repeat":"repeat","background-position":"center center","background-size":"auto","background-attachment":"scroll","background-type":"","background-media":"","overlay-type":"","overlay-color":"","overlay-opacity":"","overlay-gradient":""},"tablet":{"background-color":"","background-image":"","background-repeat":"repeat","background-position":"center center","background-size":"auto","background-attachment":"scroll","background-type":"","background-media":"","overlay-type":"","overlay-color":"","overlay-opacity":"","overlay-gradient":""},"mobile":{"background-color":"","background-image":"","background-repeat":"repeat","background-position":"center center","background-size":"auto","background-attachment":"scroll","background-type":"","background-media":"","overlay-type":"","overlay-color":"","overlay-opacity":"","overlay-gradient":""}},"ast-content-background-meta":{"desktop":{"background-color":"var(--ast-global-color-5)","background-image":"","background-repeat":"repeat","background-position":"center center","background-size":"auto","background-attachment":"scroll","background-type":"","background-media":"","overlay-type":"","overlay-color":"","overlay-opacity":"","overlay-gradient":""},"tablet":{"background-color":"var(--ast-global-color-5)","background-image":"","background-repeat":"repeat","background-position":"center center","background-size":"auto","background-attachment":"scroll","background-type":"","background-media":"","overlay-type":"","overlay-color":"","overlay-opacity":"","overlay-gradient":""},"mobile":{"background-color":"var(--ast-global-color-5)","background-image":"","background-repeat":"repeat","background-position":"center center","background-size":"auto","background-attachment":"scroll","background-type":"","background-media":"","overlay-type":"","overlay-color":"","overlay-opacity":"","overlay-gradient":""}},"footnotes":""},"class_list":["post-9","page","type-page","status-publish","hentry"],"yoast_head":"<!-- This site is optimized with the Yoast SEO plugin v27.4 - https:\/\/yoast.com\/product\/yoast-seo-wordpress\/ -->\n<title>Newsletter -<\/title>\n<meta name=\"robots\" content=\"index, follow, max-snippet:-1, max-image-preview:large, max-video-preview:-1\" \/>\n<link rel=\"canonical\" href=\"https:\/\/progresivni-cesko.cz\/?page_id=9\" \/>\n<meta property=\"og:locale\" content=\"cs_CZ\" \/>\n<meta property=\"og:type\" content=\"article\" \/>\n<meta property=\"og:title\" content=\"Newsletter -\" \/>\n<meta property=\"og:description\" content=\"Chcete n\u00e1m n\u011bco vzk\u00e1zat? Pi\u0161te na e-mail info@progresivni-cesko.cz.\" \/>\n<meta property=\"og:url\" content=\"https:\/\/progresivni-cesko.cz\/?page_id=9\" \/>\n<meta property=\"article:modified_time\" content=\"2024-10-08T09:23:13+00:00\" \/>\n<meta property=\"og:image\" content=\"https:\/\/progresivni-cesko.cz\/wp-content\/uploads\/logo2b.png\" \/>\n\t<meta property=\"og:image:width\" content=\"2503\" \/>\n\t<meta property=\"og:image:height\" content=\"1495\" \/>\n\t<meta property=\"og:image:type\" content=\"image\/png\" \/>\n<meta name=\"twitter:card\" content=\"summary_large_image\" \/>\n<meta name=\"twitter:label1\" content=\"Odhadovan\u00e1 doba \u010dten\u00ed\" \/>\n\t<meta name=\"twitter:data1\" content=\"1 minuta\" \/>\n<script type=\"application\/ld+json\" class=\"yoast-schema-graph\">{\"@context\":\"https:\\\/\\\/schema.org\",\"@graph\":[{\"@type\":\"WebPage\",\"@id\":\"https:\\\/\\\/progresivni-cesko.cz\\\/?page_id=9\",\"url\":\"https:\\\/\\\/progresivni-cesko.cz\\\/?page_id=9\",\"name\":\"Newsletter -\",\"isPartOf\":{\"@id\":\"https:\\\/\\\/progresivni-cesko.cz\\\/#website\"},\"datePublished\":\"2024-09-18T16:26:56+00:00\",\"dateModified\":\"2024-10-08T09:23:13+00:00\",\"breadcrumb\":{\"@id\":\"https:\\\/\\\/progresivni-cesko.cz\\\/?page_id=9#breadcrumb\"},\"inLanguage\":\"cs\",\"potentialAction\":[{\"@type\":\"ReadAction\",\"target\":[\"https:\\\/\\\/progresivni-cesko.cz\\\/?page_id=9\"]}]},{\"@type\":\"BreadcrumbList\",\"@id\":\"https:\\\/\\\/progresivni-cesko.cz\\\/?page_id=9#breadcrumb\",\"itemListElement\":[{\"@type\":\"ListItem\",\"position\":1,\"name\":\"Home\",\"item\":\"https:\\\/\\\/progresivni-cesko.cz\\\/\"},{\"@type\":\"ListItem\",\"position\":2,\"name\":\"Newsletter\"}]},{\"@type\":\"WebSite\",\"@id\":\"https:\\\/\\\/progresivni-cesko.cz\\\/#website\",\"url\":\"https:\\\/\\\/progresivni-cesko.cz\\\/\",\"name\":\"Progresivn\u00ed \u010cesko\",\"description\":\"Platforma pro lidi, kte\u0159\u00ed cht\u011bj\u00ed m\u011bnit v\u011bci k lep\u0161\u00edmu\",\"publisher\":{\"@id\":\"https:\\\/\\\/progresivni-cesko.cz\\\/#organization\"},\"potentialAction\":[{\"@type\":\"SearchAction\",\"target\":{\"@type\":\"EntryPoint\",\"urlTemplate\":\"https:\\\/\\\/progresivni-cesko.cz\\\/?s={search_term_string}\"},\"query-input\":{\"@type\":\"PropertyValueSpecification\",\"valueRequired\":true,\"valueName\":\"search_term_string\"}}],\"inLanguage\":\"cs\"},{\"@type\":\"Organization\",\"@id\":\"https:\\\/\\\/progresivni-cesko.cz\\\/#organization\",\"name\":\"Progresivn\u00ed \u010cesko\",\"url\":\"https:\\\/\\\/progresivni-cesko.cz\\\/\",\"logo\":{\"@type\":\"ImageObject\",\"inLanguage\":\"cs\",\"@id\":\"https:\\\/\\\/progresivni-cesko.cz\\\/#\\\/schema\\\/logo\\\/image\\\/\",\"url\":\"https:\\\/\\\/progresivni-cesko.cz\\\/wp-content\\\/uploads\\\/logo2b.png\",\"contentUrl\":\"https:\\\/\\\/progresivni-cesko.cz\\\/wp-content\\\/uploads\\\/logo2b.png\",\"width\":2503,\"height\":1495,\"caption\":\"Progresivn\u00ed \u010cesko\"},\"image\":{\"@id\":\"https:\\\/\\\/progresivni-cesko.cz\\\/#\\\/schema\\\/logo\\\/image\\\/\"}}]}<\/script>\n<!-- \/ Yoast SEO plugin. -->","yoast_head_json":{"title":"Newsletter -","robots":{"index":"index","follow":"follow","max-snippet":"max-snippet:-1","max-image-preview":"max-image-preview:large","max-video-preview":"max-video-preview:-1"},"canonical":"https:\/\/progresivni-cesko.cz\/?page_id=9","og_locale":"cs_CZ","og_type":"article","og_title":"Newsletter -","og_description":"Chcete n\u00e1m n\u011bco vzk\u00e1zat? Pi\u0161te na e-mail info@progresivni-cesko.cz.","og_url":"https:\/\/progresivni-cesko.cz\/?page_id=9","article_modified_time":"2024-10-08T09:23:13+00:00","og_image":[{"width":2503,"height":1495,"url":"https:\/\/progresivni-cesko.cz\/wp-content\/uploads\/logo2b.png","type":"image\/png"}],"twitter_card":"summary_large_image","twitter_misc":{"Odhadovan\u00e1 doba \u010dten\u00ed":"1 minuta"},"schema":{"@context":"https:\/\/schema.org","@graph":[{"@type":"WebPage","@id":"https:\/\/progresivni-cesko.cz\/?page_id=9","url":"https:\/\/progresivni-cesko.cz\/?page_id=9","name":"Newsletter -","isPartOf":{"@id":"https:\/\/progresivni-cesko.cz\/#website"},"datePublished":"2024-09-18T16:26:56+00:00","dateModified":"2024-10-08T09:23:13+00:00","breadcrumb":{"@id":"https:\/\/progresivni-cesko.cz\/?page_id=9#breadcrumb"},"inLanguage":"cs","potentialAction":[{"@type":"ReadAction","target":["https:\/\/progresivni-cesko.cz\/?page_id=9"]}]},{"@type":"BreadcrumbList","@id":"https:\/\/progresivni-cesko.cz\/?page_id=9#breadcrumb","itemListElement":[{"@type":"ListItem","position":1,"name":"Home","item":"https:\/\/progresivni-cesko.cz\/"},{"@type":"ListItem","position":2,"name":"Newsletter"}]},{"@type":"WebSite","@id":"https:\/\/progresivni-cesko.cz\/#website","url":"https:\/\/progresivni-cesko.cz\/","name":"Progresivn\u00ed \u010cesko","description":"Platforma pro lidi, kte\u0159\u00ed cht\u011bj\u00ed m\u011bnit v\u011bci k lep\u0161\u00edmu","publisher":{"@id":"https:\/\/progresivni-cesko.cz\/#organization"},"potentialAction":[{"@type":"SearchAction","target":{"@type":"EntryPoint","urlTemplate":"https:\/\/progresivni-cesko.cz\/?s={search_term_string}"},"query-input":{"@type":"PropertyValueSpecification","valueRequired":true,"valueName":"search_term_string"}}],"inLanguage":"cs"},{"@type":"Organization","@id":"https:\/\/progresivni-cesko.cz\/#organization","name":"Progresivn\u00ed \u010cesko","url":"https:\/\/progresivni-cesko.cz\/","logo":{"@type":"ImageObject","inLanguage":"cs","@id":"https:\/\/progresivni-cesko.cz\/#\/schema\/logo\/image\/","url":"https:\/\/progresivni-cesko.cz\/wp-content\/uploads\/logo2b.png","contentUrl":"https:\/\/progresivni-cesko.cz\/wp-content\/uploads\/logo2b.png","width":2503,"height":1495,"caption":"Progresivn\u00ed \u010cesko"},"image":{"@id":"https:\/\/progresivni-cesko.cz\/#\/schema\/logo\/image\/"}}]}},"uagb_featured_image_src":{"full":false,"thumbnail":false,"medium":false,"medium_large":false,"large":false,"1536x1536":false,"2048x2048":false,"mailpoet_newsletter_max":false},"uagb_author_info":{"display_name":"admin@progresivni-cesko.cz","author_link":"https:\/\/progresivni-cesko.cz\/?author=1"},"uagb_comment_info":0,"uagb_excerpt":"Chcete n\u00e1m n\u011bco vzk\u00e1zat? Pi\u0161te na e-mail info@progresivni-cesko.cz.","_links":{"self":[{"href":"https:\/\/progresivni-cesko.cz\/index.php?rest_route=\/wp\/v2\/pages\/9","targetHints":{"allow":["GET"]}}],"collection":[{"href":"https:\/\/progresivni-cesko.cz\/index.php?rest_route=\/wp\/v2\/pages"}],"about":[{"href":"https:\/\/progresivni-cesko.cz\/index.php?rest_route=\/wp\/v2\/types\/page"}],"author":[{"embeddable":true,"href":"https:\/\/progresivni-cesko.cz\/index.php?rest_route=\/wp\/v2\/users\/1"}],"replies":[{"embeddable":true,"href":"https:\/\/progresivni-cesko.cz\/index.php?rest_route=%2Fwp%2Fv2%2Fcomments&post=9"}],"version-history":[{"count":7,"href":"https:\/\/progresivni-cesko.cz\/index.php?rest_route=\/wp\/v2\/pages\/9\/revisions"}],"predecessor-version":[{"id":110,"href":"https:\/\/progresivni-cesko.cz\/index.php?rest_route=\/wp\/v2\/pages\/9\/revisions\/110"}],"wp:attachment":[{"href":"https:\/\/progresivni-cesko.cz\/index.php?rest_route=%2Fwp%2Fv2%2Fmedia&parent=9"}],"curies":[{"name":"wp","href":"https:\/\/api.w.org\/{rel}","templated":true}]}}